{"id":3269,"date":"2024-07-03T09:35:28","date_gmt":"2024-07-03T02:35:28","guid":{"rendered":"https:\/\/midagrandephuket.com\/politique-de-confidentialite\/"},"modified":"2024-07-03T09:35:28","modified_gmt":"2024-07-03T02:35:28","slug":"politique-de-confidentialite","status":"publish","type":"page","link":"https:\/\/www.midagrandephuket.com\/fr\/politique-de-confidentialite\/","title":{"rendered":"politique de confidentialit\u00e9"},"content":{"rendered":"<p>Politique de confidentialit\u00e9 des donn\u00e9es (Politique de confidentialit\u00e9)<br \/>\nnotre site Web midagrandephuket.com Respectez les droits \u00e0 la vie priv\u00e9e de tous les utilisateurs qui visitent notre site Web. Nous souhaitons vous informer de l\u2019utilisation de vos informations personnelles.<\/p>\n<p>Cet avis de confidentialit\u00e9 s&rsquo;applique aux personnes suivantes.<\/p>\n<p>Fournisseur de services ou propri\u00e9taire de site Web Ci-apr\u00e8s d\u00e9nomm\u00e9 midagrandephuket.com<br \/>\nLes visiteurs d\u2019un site Web sont des personnes qui ouvrent des pages d\u2019un site Web ou lisent des informations sur les pages d\u2019un site Web. midagrandephuket.com Peu importe la page<br \/>\nSite Web : midagrandephuket.com A \u00e9tabli une politique concernant les informations personnelles afin d&rsquo;\u00e9lever le niveau de s\u00e9curit\u00e9 des informations personnelles. des visiteurs et utilisateurs du site pour \u00eatre meilleurs et se conformer \u00e0 la loi Protection des informations personnelles 2019<\/p>\n<p>Par cons\u00e9quent, nous vous recommandons de lire cette politique de protection des donn\u00e9es personnelles. Pour conna\u00eetre et comprendre les pratiques du site midagrandephuket.com Adh\u00e9rez au traitement de vos informations personnelles.<\/p>\n<p>Objectif de la collecte d&rsquo;informations personnelles<br \/>\nmidagrandephuket.com Recueillir vos informations personnelles selon la finalit\u00e9 des op\u00e9rations du site Web comme suit<\/p>\n<p>\u00c0 utiliser dans les activit\u00e9s de marketing et de publicit\u00e9 en ligne<br \/>\n\u00c0 utiliser pour analyser les donn\u00e9es des visiteurs du site Web et les \u00e9tudes marketing.<br \/>\n\u00c0 utiliser dans le d\u00e9veloppement de sites Web et \u00e0 offrir une exp\u00e9rience personnalis\u00e9e aux visiteurs du site Web.<\/p>\n<p>Informations personnelles sur le site Web boutique midagrandephuket.com<br \/>\nSite Web : midagrandephuket.com Conservez vos informations personnelles Gr\u00e2ce \u00e0 l\u2019utilisation des services du site Web et \u00e0 l\u2019inscription, les informations que nous collectons sont les suivantes :<\/p>\n<p>Nom et pr\u00e9nom de l&rsquo;utilisateur du site<br \/>\nEmail de l&rsquo;utilisateur du site<br \/>\nLes informations de connexion au site Web comprennent le nom d&rsquo;utilisateur que l&rsquo;utilisateur du site Web d\u00e9finit ou que le syst\u00e8me cr\u00e9e automatiquement et le mot de passe d\u00e9fini par l&rsquo;utilisateur du site Web.<br \/>\nInformations sur les r\u00e9seaux sociaux des utilisateurs du site Web, tels que les noms de r\u00e9seaux sociaux ou les identifiants de r\u00e9seaux sociaux<br \/>\nAdresse de l&rsquo;utilisateur du site<br \/>\nnum\u00e9ro de t\u00e9l\u00e9phone des utilisateurs du site Web<br \/>\nInformations sur le trafic informatique des visiteurs du site Web Utilis\u00e9 pour analyser et personnaliser les syst\u00e8mes de s\u00e9curit\u00e9 des sites Web.<br \/>\nUtilisation de cookies sur le site Internet midagrandephuket.com<br \/>\nSite Web : midagrandephuket.com Les cookies sont utilis\u00e9s Pour les besoins op\u00e9rationnels du site Internet Vous pouvez en apprendre davantage sur Politique d&rsquo;utilisation des cookies sur le site midagrandephuket.com de notre politique en mati\u00e8re de cookies<\/p>\n<p>Informations personnelles collect\u00e9es par des tiers<br \/>\nLe site Web midagrandephuket.com utilise des logiciels et des services tiers pour am\u00e9liorer les fonctionnalit\u00e9s du site Web. Les services utilis\u00e9s par le site Web sont les suivants :<\/p>\n<p>Google Analytics<br \/>\nAPI de conversion\/pixel Facebook<br \/>\nGestionnaire de balises Google<br \/>\nAPI de conversion Google\u00a0Ads<br \/>\nBalise LIGNE<br \/>\nPixels Tiktok<br \/>\nGoogle Maps int\u00e9gr\u00e9<br \/>\nYoutube int\u00e9gr\u00e9<\/p>\n<p>Dans le cas de liens vers des plateformes tierces telles que des r\u00e9seaux publicitaires. r\u00e9seaux sociaux Autres fournisseurs de sites Web externes Certains types de cookies et donn\u00e9es de trafic informatique Il peut \u00eatre g\u00e9r\u00e9 par un tiers. Je recommande donc aux visiteurs du site Web \u00c9tudiez et comprenez \u00e9galement la politique d\u2019utilisation des cookies et la politique de confidentialit\u00e9 du tiers.<\/p>\n<p>Droits du propri\u00e9taire des donn\u00e9es personnelles<br \/>\nLes utilisateurs du site Internet ont le droit de demander la suppression des donn\u00e9es. qui est enregistr\u00e9 dans le syst\u00e8me Vous pouvez demander la suppression d&rsquo;informations. Suivez les canaux de contact dans la section contact de cette politique.<br \/>\nLes visiteurs du site Web peuvent refuser l&rsquo;utilisation de cookies \u00e0 partir de la fen\u00eatre de notification des cookies. sur la page du site<br \/>\nVisiteurs du site Web Peut supprimer toutes les donn\u00e9es des cookies \u00c0 partir du navigateur Web utilis\u00e9 par les visiteurs du site Web, vous pouvez apprendre comment supprimer les cookies. Quittez le navigateur Web. Depuis le site Web du d\u00e9veloppeur du navigateur Web<br \/>\nS\u00e9curit\u00e9 des informations personnelles<br \/>\nSite Web : midagrandephuket.com Faites attention \u00e0 vos informations personnelles. et utiliserons toujours des mesures efficaces pour prot\u00e9ger vos informations. C&rsquo;est pourquoi nous avons utilis\u00e9 la technologie. et mettre en place diverses politiques dans le but de prot\u00e9ger vos informations personnelles contre tout acc\u00e8s non autoris\u00e9. et d&rsquo;utiliser les informations de mani\u00e8re inappropri\u00e9e Nous utiliserons les nouvelles technologies disponibles au fur et \u00e0 mesure que nous d\u00e9velopperons le site Web. Am\u00e9liorer ces mesures pour qu\u2019elles soient plus efficaces en temps opportun.<\/p>\n<p>Sur le site midagrandephuket.com Peut contenir des liens vers d&rsquo;autres sites Web. Vous pouvez \u00e9galement utiliser des liens sur d\u2019autres sites Web pour acc\u00e9der \u00e0 notre site Web. Nous vous demandons de comprendre que le site midagrandephuket.com Incapable d&rsquo;assumer la responsabilit\u00e9 de la politique et les pratiques de protection de la vie priv\u00e9e d\u2019autres sites Web. Par cons\u00e9quent, veuillez \u00e9tudier les politiques et directives concernant la protection des donn\u00e9es personnelles des sites Web que vous visitez. Avant et apr\u00e8s la visite de notre site Web via les liens pr\u00e9sents sur le site Web \u00e9galement.<\/p>\n<p>Cependant, le site Internet midagrandephuket.com incapable de contr\u00f4ler et de superviser ou \u00eatre responsable de l&rsquo;utilisation d&rsquo;informations personnelles par des tiers ou des organisations externes qui re\u00e7oivent des informations de votre part via ce site Web. Nous vous recommandons donc d&rsquo;envisager Accepter ou refuser l&rsquo;utilisation de cookies de tiers Comme nous l&rsquo;avons pr\u00e9cis\u00e9 ci-dessus, vous avez le droit de refuser vous-m\u00eame l&rsquo;utilisation de ces cookies.<\/p>\n<p>Vous contacterez midagrandephuket.com. et le d\u00e9l\u00e9gu\u00e9 \u00e0 la protection des donn\u00e9es personnelles ?<br \/>\nSi vous avez des suggestions ou souhaitez vous renseigner sur les d\u00e9tails de la collecte, de l&rsquo;utilisation et\/ou de la divulgation de vos informations personnelles. Y compris demander \u00e0 exercer les droits conform\u00e9ment \u00e0 cette politique. Vous pouvez contacter via les canaux suivants<\/p>\n<p>Courriel\u00a0: Groupe h\u00f4telier Mida<\/p>\n<p>&nbsp;<\/p>\n","protected":false},"excerpt":{"rendered":"<p>Politique de confidentialit\u00e9 des donn\u00e9es (Politique de confidentialit\u00e9) notre site Web midagrandephuket.com Respectez les droits \u00e0 la vie priv\u00e9e de tous les utilisateurs qui visitent notre site Web. Nous souhaitons vous informer de l\u2019utilisation de vos informations personnelles. Cet avis de confidentialit\u00e9 s&rsquo;applique aux personnes suivantes. Fournisseur de services ou propri\u00e9taire de site Web Ci-apr\u00e8s [&hellip;]<\/p>\n","protected":false},"author":2,"featured_media":0,"parent":0,"menu_order":0,"comment_status":"closed","ping_status":"closed","template":"","meta":{"footnotes":""},"class_list":["post-3269","page","type-page","status-publish","hentry"],"_links":{"self":[{"href":"https:\/\/www.midagrandephuket.com\/fr\/wp-json\/wp\/v2\/pages\/3269","targetHints":{"allow":["GET"]}}],"collection":[{"href":"https:\/\/www.midagrandephuket.com\/fr\/wp-json\/wp\/v2\/pages"}],"about":[{"href":"https:\/\/www.midagrandephuket.com\/fr\/wp-json\/wp\/v2\/types\/page"}],"author":[{"embeddable":true,"href":"https:\/\/www.midagrandephuket.com\/fr\/wp-json\/wp\/v2\/users\/2"}],"replies":[{"embeddable":true,"href":"https:\/\/www.midagrandephuket.com\/fr\/wp-json\/wp\/v2\/comments?post=3269"}],"version-history":[{"count":0,"href":"https:\/\/www.midagrandephuket.com\/fr\/wp-json\/wp\/v2\/pages\/3269\/revisions"}],"wp:attachment":[{"href":"https:\/\/www.midagrandephuket.com\/fr\/wp-json\/wp\/v2\/media?parent=3269"}],"curies":[{"name":"wp","href":"https:\/\/api.w.org\/{rel}","templated":true}]}}